{"id":805,"date":"2017-09-25T08:34:02","date_gmt":"2017-09-25T07:34:02","guid":{"rendered":"https:\/\/lilka.cz\/cs\/?page_id=805"},"modified":"2023-07-04T11:47:24","modified_gmt":"2023-07-04T10:47:24","slug":"porovnani-anetca","status":"publish","type":"page","link":"https:\/\/lilka.cz\/cs\/porovnani-anetca\/","title":{"rendered":"Porovn\u00e1n\u00ed s ANetCa"},"content":{"rendered":"<div class=\"table-responsive\"><table  style=\"width:500px; \"  class=\"easy-table easy-table-default \" border=\"0\">\n<caption>Porovn\u00e1n\u00ed funkc\u00ed pokladn\u00edch syst\u00e9m\u016f ANetCa a LILKA<\/caption>\n<thead>\r\n<tr><th  style=\"width:300px;text-align:left\" >\u00a0<\/th>\n<th  style=\"width:100px;text-align:center\" >ANetCa<\/th>\n<th  style=\"width:100px;text-align:center\" > LILKA<\/th>\n<th ><\/th>\n<\/tr>\n<\/thead>\n<tbody>\r\n<tr><td  style=\"text-align:left\" ><strong>Funkce<\/td>\n<td  style=\"text-align:center\" ><\/td>\n<td  style=\"text-align:center\" ><\/strong><\/td>\n<\/tr>\n\r\n<tr><td  style=\"text-align:left\" >Evidov\u00e1n\u00ed \u00fa\u010dtenek bez internetu<\/td>\n<td  style=\"text-align:center\" > ano<\/td>\n<td  style=\"text-align:center\" > ano<\/td>\n<\/tr>\n\r\n<tr><td  style=\"text-align:left\" >Maxim\u00e1ln\u00ed po\u010det \u00fa\u010dtenek<\/td>\n<td  style=\"text-align:center\" > neomezen\u011b<\/td>\n<td  style=\"text-align:center\" > neomezen\u011b<\/td>\n<\/tr>\n\r\n<tr><td  style=\"text-align:left\" >Cen\u00edk polo\u017eek<\/td>\n<td  style=\"text-align:center\" > ano<\/td>\n<td  style=\"text-align:center\" > ano<\/td>\n<\/tr>\n\r\n<tr><td  style=\"text-align:left\" >Za\u0159azen\u00ed polo\u017eek do skupin<\/td>\n<td  style=\"text-align:center\" > ano<\/td>\n<td  style=\"text-align:center\" > ano<\/td>\n<\/tr>\n\r\n<tr><td  style=\"text-align:left\" >Nastaven\u00ed v\u00edce cenov\u00fdch hladin<\/td>\n<td  style=\"text-align:center\" > ano<\/td>\n<td  style=\"text-align:center\" > ne<\/td>\n<\/tr>\n\r\n<tr><td  style=\"text-align:left\" >Maxim\u00e1ln\u00ed po\u010det polo\u017eek<\/td>\n<td  style=\"text-align:center\" >\u00a0neomezen\u011b<\/td>\n<td  style=\"text-align:center\" >\u00a0neomezen\u011b<\/td>\n<\/tr>\n\r\n<tr><td  style=\"text-align:left\" >V\u00edce I\u010c na jedn\u00e9 pokladn\u011b<\/td>\n<td  style=\"text-align:center\" > ano<\/td>\n<td  style=\"text-align:center\" > ano (Android)<\/td>\n<\/tr>\n\r\n<tr><td  style=\"text-align:left\" >U\u017eivatelsk\u00e9 \u00fa\u010dty pro obsluhu<\/td>\n<td  style=\"text-align:center\" > ano<\/td>\n<td  style=\"text-align:center\" > ano<\/td>\n<\/tr>\n\r\n<tr><td  style=\"text-align:left\" >Storno \u00fa\u010dtenek<\/td>\n<td  style=\"text-align:center\" > ano<\/td>\n<td  style=\"text-align:center\" > ano<\/td>\n<\/tr>\n\r\n<tr><td  style=\"text-align:left\" >Slevy<\/td>\n<td  style=\"text-align:center\" > ano<\/td>\n<td  style=\"text-align:center\" > ano<\/td>\n<\/tr>\n\r\n<tr><td  style=\"text-align:left\" >Re\u017eim nepl\u00e1tce DPH<\/td>\n<td  style=\"text-align:center\" > ano<\/td>\n<td  style=\"text-align:center\" > ano<\/td>\n<\/tr>\n\r\n<tr><td  style=\"text-align:left\" >Re\u017eim pro pl\u00e1tce DPH<\/td>\n<td  style=\"text-align:center\" > ano<\/td>\n<td  style=\"text-align:center\" > ano<\/td>\n<\/tr>\n\r\n<tr><td  style=\"text-align:left\" >\u00da\u010dtenky emailem<\/td>\n<td  style=\"text-align:center\" > ano<\/td>\n<td  style=\"text-align:center\" > ano<\/td>\n<\/tr>\n\r\n<tr><td  style=\"text-align:left\" >Historie \u00fa\u010dtenek<\/td>\n<td  style=\"text-align:center\" > ano<\/td>\n<td  style=\"text-align:center\" > ano<\/td>\n<\/tr>\n\r\n<tr><td  style=\"text-align:left\" >Sledov\u00e1n\u00ed stavu pokladny<\/td>\n<td  style=\"text-align:center\" > ano<\/td>\n<td  style=\"text-align:center\" > ano<\/td>\n<\/tr>\n\r\n<tr><td  style=\"text-align:left\" >Pokladn\u00ed p\u0159\u00edjem a v\u00fddej<\/td>\n<td  style=\"text-align:center\" > ano<\/td>\n<td  style=\"text-align:center\" > ano<\/td>\n<\/tr>\n\r\n<tr><td  style=\"text-align:left\" >Historie pokladn\u00edch operac\u00ed<\/td>\n<td  style=\"text-align:center\" > ano<\/td>\n<td  style=\"text-align:center\" > ano<\/td>\n<\/tr>\n\r\n<tr><td  style=\"text-align:left\" >Rozpracovan\u00e9 \u00fa\u010dtenky<\/td>\n<td  style=\"text-align:center\" > ano<\/td>\n<td  style=\"text-align:center\" > ano<\/td>\n<\/tr>\n\r\n<tr><td  style=\"text-align:left\" >Prodej virt\u00e1ln\u00ed m\u011bnou Bitcoin<\/td>\n<td  style=\"text-align:center\" > ano<\/td>\n<td  style=\"text-align:center\" > ano<\/td>\n<\/tr>\n\r\n<tr><td  style=\"text-align:left\" >Autokonverze Bitcoin plateb na bankovn\u00ed \u00fa\u010det<\/td>\n<td  style=\"text-align:center\" > ano<\/td>\n<td  style=\"text-align:center\" > ano<\/td>\n<\/tr>\n\r\n<tr><td  style=\"text-align:left\" ><strong>ROZ\u0160\u00cd\u0158EN\u00cd<\/strong><\/td>\n<td  style=\"text-align:center\" ><\/td>\n<td  style=\"text-align:center\" ><\/td>\n<\/tr>\n\r\n<tr><td  style=\"text-align:left\" >Automatick\u00e9 v\u00e1\u017een\u00ed &#8211; propojen\u00ed s v\u00e1hou<\/td>\n<td  style=\"text-align:center\" > ano<\/td>\n<td  style=\"text-align:center\" > ne<\/td>\n<\/tr>\n\r\n<tr><td  style=\"text-align:left\" >Tarov\u00e1n\u00ed<\/td>\n<td  style=\"text-align:center\" > ano<\/td>\n<td  style=\"text-align:center\" > ne<\/td>\n<\/tr>\n\r\n<tr><td  style=\"text-align:left\" >Z\u00e1kaznick\u00fd displej<\/td>\n<td  style=\"text-align:center\" > ano<\/td>\n<td  style=\"text-align:center\" > ne<\/td>\n<\/tr>\n\r\n<tr><td  style=\"text-align:left\" >Statick\u00fd bankovn\u00ed termin\u00e1l<\/td>\n<td  style=\"text-align:center\" > ano<\/td>\n<td  style=\"text-align:center\" > ano<\/td>\n<\/tr>\n\r\n<tr><td  style=\"text-align:left\" >Mobiln\u00ed bankovn\u00ed termin\u00e1l<\/td>\n<td  style=\"text-align:center\" > ne<\/td>\n<td  style=\"text-align:center\" > ano<\/td>\n<\/tr>\n\r\n<tr><td  style=\"text-align:left\" >Prodej p\u0159es \u010d\u00e1rov\u00e9 k\u00f3dy a EAN<\/td>\n<td  style=\"text-align:center\" > ano<\/td>\n<td  style=\"text-align:center\" > ano<\/td>\n<\/tr>\n\r\n<tr><td  style=\"text-align:left\" >LAN tisk\u00e1rna<\/td>\n<td  style=\"text-align:center\" > ano<\/td>\n<td  style=\"text-align:center\" > ano<\/td>\n<\/tr>\n\r\n<tr><td  style=\"text-align:left\" >Bluetooth tisk\u00e1rna<\/td>\n<td  style=\"text-align:center\" > ano<\/td>\n<td  style=\"text-align:center\" > ano<\/td>\n<\/tr>\n\r\n<tr><td  style=\"text-align:left\" >Cloud tisk\u00e1rna<\/td>\n<td  style=\"text-align:center\" > ano<\/td>\n<td  style=\"text-align:center\" > ano<\/td>\n<\/tr>\n\r\n<tr><td  style=\"text-align:left\" ><strong>Elektronick\u00e1 evidence tr\u017eeb<\/strong><\/td>\n<td  style=\"text-align:center\" ><\/td>\n<td  style=\"text-align:center\" ><\/td>\n<\/tr>\n\r\n<tr><td  style=\"text-align:left\" >Hl\u00e1\u0161en\u00ed tr\u017eeb v b\u011b\u017en\u00e9m re\u017eimu EET<\/td>\n<td  style=\"text-align:center\" > ano<\/td>\n<td  style=\"text-align:center\" > ano<\/td>\n<\/tr>\n\r\n<tr><td  style=\"text-align:left\" >Hl\u00e1\u0161en\u00ed tr\u017eeb ve zjednodu\u0161en\u00e9m re\u017eimu EET<\/td>\n<td  style=\"text-align:center\" > ano<\/td>\n<td  style=\"text-align:center\" > ano<\/td>\n<\/tr>\n\r\n<tr><td  style=\"text-align:left\" >Automatick\u00e9 odes\u00edl\u00e1n\u00ed tr\u017eeb<\/td>\n<td  style=\"text-align:center\" > ano<\/td>\n<td  style=\"text-align:center\" > ano<\/td>\n<\/tr>\n\r\n<tr><td  style=\"text-align:left\" >Ru\u010dn\u00ed mo\u017enost doodesl\u00e1n\u00ed tr\u017eby<\/td>\n<td  style=\"text-align:center\" > ano<\/td>\n<td  style=\"text-align:center\" > ano<\/td>\n<\/tr>\n\r\n<tr><td  style=\"text-align:left\" >Prodej v zastoupen\u00ed<\/td>\n<td  style=\"text-align:center\" > ano<\/td>\n<td  style=\"text-align:center\" > ano<\/td>\n<\/tr>\n\r\n<tr><td  style=\"text-align:left\" >Prodej v re\u017eimu pou\u017eit\u00e9ho zbo\u017e\u00ed<\/td>\n<td  style=\"text-align:center\" > ano<\/td>\n<td  style=\"text-align:center\" > ano<\/td>\n<\/tr>\n\r\n<tr><td  style=\"text-align:left\" ><strong>Tiskov\u00e9 sestavy<\/td>\n<td  style=\"text-align:center\" ><\/td>\n<td  style=\"text-align:center\" ><\/strong><\/td>\n<\/tr>\n\r\n<tr><td  style=\"text-align:left\" >Tisk \u00fa\u010dtenek<\/td>\n<td  style=\"text-align:center\" > ano<\/td>\n<td  style=\"text-align:center\" > ano<\/td>\n<\/tr>\n\r\n<tr><td  style=\"text-align:left\" >Uz\u00e1v\u011brka pokladny<\/td>\n<td  style=\"text-align:center\" > ano<\/td>\n<td  style=\"text-align:center\" > ano<\/td>\n<\/tr>\n\r\n<tr><td  style=\"text-align:left\" >P\u0159ehled tr\u017eeb<\/td>\n<td  style=\"text-align:center\" > ano<\/td>\n<td  style=\"text-align:center\" > ano<\/td>\n<\/tr>\n\r\n<tr><td  style=\"text-align:left\" >Pokladn\u00ed p\u0159ehled<\/td>\n<td  style=\"text-align:center\" > ano<\/td>\n<td  style=\"text-align:center\" > ano<\/td>\n<\/tr>\n\r\n<tr><td  style=\"text-align:left\" >Seznam polo\u017eek<\/td>\n<td  style=\"text-align:center\" > ano<\/td>\n<td  style=\"text-align:center\" > ano<\/td>\n<\/tr>\n\r\n<tr><td  style=\"text-align:left\" >Seznam \u00fa\u010dtenek<\/td>\n<td  style=\"text-align:center\" > ano<\/td>\n<td  style=\"text-align:center\" > ano<\/td>\n<\/tr>\n\r\n<tr><td  style=\"text-align:left\" >Tisk objedn\u00e1vek do kuchyn\u011b<\/td>\n<td  style=\"text-align:center\" > ano<\/td>\n<td  style=\"text-align:center\" > ano<\/td>\n<\/tr>\n\r\n<tr><td  style=\"text-align:left\" >Logo na \u00fa\u010dtenku<\/td>\n<td  style=\"text-align:center\" > ano<\/td>\n<td  style=\"text-align:center\" > ne<\/td>\n<\/tr>\n\r\n<tr><td  style=\"text-align:left\" >DI\u010c odb\u011bratele<\/td>\n<td  style=\"text-align:center\" > ano<\/td>\n<td  style=\"text-align:center\" > ano<\/td>\n<\/tr>\n\r\n<tr><td  style=\"text-align:left\" >Pozn\u00e1mka na \u00fa\u010dtenku<\/td>\n<td  style=\"text-align:center\" > ano<\/td>\n<td  style=\"text-align:center\" > ano<\/td>\n<\/tr>\n\r\n<tr><td  style=\"text-align:left\" >Evidence plateb kartou &#8211; fakturou &#8211; hotov\u011b &#8211; bitcoin<\/td>\n<td  style=\"text-align:center\" > ano<\/td>\n<td  style=\"text-align:center\" > ano<\/td>\n<\/tr>\n\r\n<tr><td  style=\"text-align:left\" >Prodej v ciz\u00ed m\u011bn\u011b<\/td>\n<td  style=\"text-align:center\" > ano<\/td>\n<td  style=\"text-align:center\" > ne<\/td>\n<\/tr>\n\r\n<tr><td  style=\"text-align:left\" ><strong>Specialn\u00ed funkce<\/td>\n<td  style=\"text-align:center\" ><\/td>\n<td  style=\"text-align:center\" ><\/strong><\/td>\n<\/tr>\n\r\n<tr><td  style=\"text-align:left\" >Prodej p\u0159es QR faktura<\/td>\n<td  style=\"text-align:center\" > ne<\/td>\n<td  style=\"text-align:center\" > ano<\/td>\n<\/tr>\n\r\n<tr><td  style=\"text-align:left\" >Na\u010dten\u00ed \u010d\u00e1rov\u00e9ho k\u00f3du kamerou<\/td>\n<td  style=\"text-align:center\" > ne<\/td>\n<td  style=\"text-align:center\" > ano<\/td>\n<\/tr>\n\r\n<tr><td  style=\"text-align:left\" >Grafick\u00e1 mapa stol\u016f<\/td>\n<td  style=\"text-align:center\" > ano<\/td>\n<td  style=\"text-align:center\" > ne<\/td>\n<\/tr>\n\r\n<tr><td  style=\"text-align:left\" ><strong>Pr\u00e1ce s daty<\/td>\n<td  style=\"text-align:center\" ><\/td>\n<td  style=\"text-align:center\" ><\/strong><\/td>\n<\/tr>\n\r\n<tr><td  style=\"text-align:left\" >Z\u00e1lohov\u00e1n\u00ed dat<\/td>\n<td  style=\"text-align:center\" > ano<\/td>\n<td  style=\"text-align:center\" > ano<\/td>\n<\/tr>\n\r\n<tr><td  style=\"text-align:left\" >Obnova dat<\/td>\n<td  style=\"text-align:center\" > ano<\/td>\n<td  style=\"text-align:center\" > ano<\/td>\n<\/tr>\n\r\n<tr><td  style=\"text-align:left\" >Import polo\u017eek z Excel\/CSV<\/td>\n<td  style=\"text-align:center\" > ano<\/td>\n<td  style=\"text-align:center\" > ano<\/td>\n<\/tr>\n\r\n<tr><td  style=\"text-align:left\" >Export polo\u017eek do CSV<\/td>\n<td  style=\"text-align:center\" > ano<\/td>\n<td  style=\"text-align:center\" > ano<\/td>\n<\/tr>\n\r\n<tr><td  style=\"text-align:left\" ><strong>Skladov\u00e9 hospod\u00e1\u0159stv\u00ed<\/td>\n<td  style=\"text-align:center\" ><\/td>\n<td  style=\"text-align:center\" ><\/strong><\/td>\n<\/tr>\n\r\n<tr><td  style=\"text-align:left\" >Skladov\u00e9 hospod\u00e1\u0159stv\u00ed<\/td>\n<td  style=\"text-align:center\" > ano &#8211; modulem<\/td>\n<td  style=\"text-align:center\" > ano &#8211; modulem<\/td>\n<\/tr>\n<\/tbody><\/table><\/div>\n","protected":false},"excerpt":{"rendered":"Porovn\u00e1n\u00ed funkc\u00ed pokladn\u00edch syst\u00e9m\u016f ANetCa a LILKA \u00a0 ANetCa LILKA Funkce Evidov\u00e1n\u00ed \u00fa\u010dtenek bez internetu ano ano Maxim\u00e1ln\u00ed po\u010det \u00fa\u010dtenek neomezen\u011b neomezen\u011b Cen\u00edk polo\u017eek ano ano<span class=\"excerpt-hellip\"> [\u2026]<\/span>","protected":false},"author":1,"featured_media":0,"parent":0,"menu_order":0,"comment_status":"closed","ping_status":"closed","template":"","meta":{"_cs_post_content":"[table caption=\"Porovn\u00e1n\u00ed funkc\u00ed pokladn\u00edch syst\u00e9m\u016f ANetCa a LILKA\" width=\"500\" colwidth=\"300|100|100\" colalign=\"left|center|center\"][table caption=\"Just test table\" width=\"500\" colwidth=\"300|100|100\" colalign=\"left|center|center\"]\u00a0,ANetCa, LILKA,\n\n<strong>Funkce,,<\/strong>\n\nEvidov\u00e1n\u00ed \u00fa\u010dtenek bez internetu, ano, ano\n\nMaxim\u00e1ln\u00ed po\u010det \u00fa\u010dtenek, neomezen\u011b, neomezen\u011b\n\nCen\u00edk polo\u017eek, ano, ano\n\nZa\u0159azen\u00ed polo\u017eek do skupin, ano, ano\n\nNastaven\u00ed v\u00edce cenov\u00fdch hladin, ano, ne\n\nMaxim\u00e1ln\u00ed po\u010det polo\u017eek,\u00a0neomezen\u011b,\u00a0neomezen\u011b\n\nV\u00edce I\u010c na jedn\u00e9 pokladn\u011b, ano, ano (Android)\n\nU\u017eivatelsk\u00e9 \u00fa\u010dty pro obsluhu, ano, ano\n\nStorno \u00fa\u010dtenek, ano, ano\n\nSlevy, ano, ano\n\nRe\u017eim nepl\u00e1tce DPH, ano, ano\n\nRe\u017eim pro pl\u00e1tce DPH, ano, ano\n\n\u00da\u010dtenky emailem, ano, ano\n\nHistorie \u00fa\u010dtenek, ano, ano\n\nSledov\u00e1n\u00ed stavu pokladny, ano, ano\n\nPokladn\u00ed p\u0159\u00edjem a v\u00fddej, ano, ano\n\nHistorie pokladn\u00edch operac\u00ed, ano, ano\n\nRozpracovan\u00e9 \u00fa\u010dtenky, ano, ano\n\nProdej virt\u00e1ln\u00ed m\u011bnou Bitcoin, ano, ano\n\nAutokonverze Bitcoin plateb na bankovn\u00ed \u00fa\u010det, ano, ano\n\n<strong>ROZ\u0160\u00cd\u0158EN\u00cd<\/strong>,,\n\nAutomatick\u00e9 v\u00e1\u017een\u00ed - propojen\u00ed s v\u00e1hou, ano, ne\n\nTarov\u00e1n\u00ed, ano, ne\n\nZ\u00e1kaznick\u00fd displej, ano, ne\n\nStatick\u00fd bankovn\u00ed termin\u00e1l, ano, ano\n\nMobiln\u00ed bankovn\u00ed termin\u00e1l, ne, ano\n\nProdej p\u0159es \u010d\u00e1rov\u00e9 k\u00f3dy a EAN, ano, ano\n\nLAN tisk\u00e1rna, ano, ano\n\nBluetooth tisk\u00e1rna, ano, ano\n\nCloud tisk\u00e1rna, ano, ano\n\n<strong>Elektronick\u00e1 evidence tr\u017eeb<\/strong>,,\n\nHl\u00e1\u0161en\u00ed tr\u017eeb v b\u011b\u017en\u00e9m re\u017eimu EET, ano, ano\n\nHl\u00e1\u0161en\u00ed tr\u017eeb ve zjednodu\u0161en\u00e9m re\u017eimu EET, ano, ano\n\nAutomatick\u00e9 odes\u00edl\u00e1n\u00ed tr\u017eeb, ano, ano\n\nRu\u010dn\u00ed mo\u017enost doodesl\u00e1n\u00ed tr\u017eby, ano, ano\n\nProdej v zastoupen\u00ed, ano, ano\n\nProdej v re\u017eimu pou\u017eit\u00e9ho zbo\u017e\u00ed, ano, ano\n\n<strong>Tiskov\u00e9 sestavy,,<\/strong>\n\nTisk \u00fa\u010dtenek, ano, ano\n\nUz\u00e1v\u011brka pokladny, ano, ano\n\nP\u0159ehled tr\u017eeb, ano, ano\n\nPokladn\u00ed p\u0159ehled, ano, ano\n\nSeznam polo\u017eek, ano, ano\n\nSeznam \u00fa\u010dtenek, ano, ano\n\nTisk objedn\u00e1vek do kuchyn\u011b, ano, ano\n\nLogo na \u00fa\u010dtenku, ano, ne\n\nDI\u010c odb\u011bratele, ano, ano\n\nPozn\u00e1mka na \u00fa\u010dtenku, ano, ano\n\nEvidence plateb kartou - fakturou - hotov\u011b - bitcoin, ano, ano\n\nProdej v ciz\u00ed m\u011bn\u011b, ano, ne\n\n<strong>Specialn\u00ed funkce,,<\/strong>\n\nProdej p\u0159es QR faktura, ne, ano\n\nNa\u010dten\u00ed \u010d\u00e1rov\u00e9ho k\u00f3du kamerou, ne, ano\n\nGrafick\u00e1 mapa stol\u016f, ano, ne\n\n<strong>Pr\u00e1ce s daty,,<\/strong>\n\nZ\u00e1lohov\u00e1n\u00ed dat, ano, ano\n\nObnova dat, ano, ano\n\nImport polo\u017eek z Excel\/CSV, ano, ano\n\nExport polo\u017eek do CSV, ano, ano\n\n<strong>Skladov\u00e9 hospod\u00e1\u0159stv\u00ed,,<\/strong>\n\nSkladov\u00e9 hospod\u00e1\u0159stv\u00ed, ano - modulem, ano - modulem\n\n[\/table]","_cs_post_name":"porovnani-anetca","_cs_post_excerpt":"","_cs_post_title":"Porovn\u00e1n\u00ed s ANetCa","_en_post_content":"","_en_post_name":"","_en_post_excerpt":"","_en_post_title":"","edit_language":"cs","jetpack_post_was_ever_published":false,"footnotes":""},"class_list":["post-805","page","type-page","status-publish","hentry"],"jetpack_sharing_enabled":true,"jetpack_shortlink":"https:\/\/wp.me\/P7uJJc-cZ","jetpack-related-posts":[],"_links":{"self":[{"href":"https:\/\/lilka.cz\/cs\/wp-json\/wp\/v2\/pages\/805"}],"collection":[{"href":"https:\/\/lilka.cz\/cs\/wp-json\/wp\/v2\/pages"}],"about":[{"href":"https:\/\/lilka.cz\/cs\/wp-json\/wp\/v2\/types\/page"}],"author":[{"embeddable":true,"href":"https:\/\/lilka.cz\/cs\/wp-json\/wp\/v2\/users\/1"}],"replies":[{"embeddable":true,"href":"https:\/\/lilka.cz\/cs\/wp-json\/wp\/v2\/comments?post=805"}],"version-history":[{"count":23,"href":"https:\/\/lilka.cz\/cs\/wp-json\/wp\/v2\/pages\/805\/revisions"}],"predecessor-version":[{"id":1143,"href":"https:\/\/lilka.cz\/cs\/wp-json\/wp\/v2\/pages\/805\/revisions\/1143"}],"wp:attachment":[{"href":"https:\/\/lilka.cz\/cs\/wp-json\/wp\/v2\/media?parent=805"}],"curies":[{"name":"wp","href":"https:\/\/api.w.org\/{rel}","templated":true}]}}